{"id":236,"date":"2017-08-28T10:26:43","date_gmt":"2017-08-28T08:26:43","guid":{"rendered":"https:\/\/livingroomartists.com\/?page_id=236"},"modified":"2018-05-18T10:23:21","modified_gmt":"2018-05-18T08:23:21","slug":"living-room-artists-konzertreihe","status":"publish","type":"page","link":"https:\/\/livingroomartists.com\/en\/living-room-artists-konzertreihe\/","title":{"rendered":"Living Room Artists Konzertreihe"},"content":{"rendered":"<p><img loading=\"lazy\" decoding=\"async\" class=\"alignnone wp-image-234\" src=\"https:\/\/my-cdn.at\/yy309Er832GlqwK-7qXljed7ahqMlxAtLYZXuu79UOI\" alt=\"\" width=\"400\" height=\"400\" srcset=\"https:\/\/my-cdn.at\/yy309Er832GlqwK-7qXljed7ahqMlxAtLYZXuu79UOI 300w, https:\/\/my-cdn.at\/SBXTN134jp7ufBBBq04oVuDjEEP4O9k93yN0-mKuoJw 150w, https:\/\/my-cdn.at\/yYOi.hajXlly-tZT2Qrk-yBG1qkycJMY8PGt0l3Fk94 768w, https:\/\/my-cdn.at\/uvzUJZ.J1y3btfDZL1k91sRwITiJIub3DzDEqUh14dm 960w\" sizes=\"auto, (max-width: 400px) 100vw, 400px\" \/><\/p>\n<p>Philosophie:<\/p>\n<p>Bach, Mozart, Haydn, Beethoven, Schubert, die Mendelssohns, die Schumanns, Brahms, Liszt, Wagner, Mahler, Ravel, Gershwin, Bernstein, John Lennon, Messiaen, Frank Zappa, Boulez und viele andere &#8230;<\/p>\n<p>Das sind nur einige Musiker, die einen festen Platz im Musikbetrieb eingenommen haben. \u2013 Sie alle sind Komponisten, die sich selbst als Interpreten ihrer eigenen Werke hervorgetan haben. Oder auch als Veranstalter bzw. Organisatoren von Konzerten in denen sie ihre eigene sowie auch fremde Werke auff\u00fchrten. Vielleicht k\u00f6nnte man sogar behaupten, dass vor der Zeit der Tonaufnahmen die Werke selbst Dokumente der Komponisten als Interpreten gewesen sind!<\/p>\n<p>Heutzutage sind im klassischen Musikbetrieb die Bereiche von Interpret und Komponist oft sehr weit voneinander entfernt. Und ganz am Ende der Kette findet man das Publikum.<\/p>\n<p>In der U-Musik ist das meist anders, weil die Komponierenden f\u00fcr sich selbst oder f\u00fcr Interpreten, die sie kennen, schreiben. Das ist geradezu so wie damals, als Mozart ein Klavier-Konzert f\u00fcr sich selber komponierte oder die Partien f\u00fcr die S\u00e4nger\/innen ihnen sozusagen \u201eauf den Leib\u201c schrieb.<\/p>\n<p>Living Room Artists ist eine Konzertreihe, die die Entfernung zwischen KomponistInnen, InterpretInnen und Publikum verringern m\u00f6chte. Es geht nicht darum, zu Bach und Mozart zu werden oder solche zu entdecken, sondern ein dynamisches Verh\u00e4ltnis zwischen KomponistInnen, InterpretInnen und Publikum zu kreieren.<\/p>\n<p>Die Reihe soll Interpreten \u2013 OrchestermusikerInnen, S\u00e4ngerinnen, DirigentInnen und andere \u2013 ermutigen, Schaffensprozesse selbst nachzuvollziehen und Projekte von ihrer Entstehung bis zur Auff\u00fchrung durchzuf\u00fchren. \u2013 Man k\u00f6nnte sagen, dass Living Room Artists ein modernes Pendant zum Salon des 19. Jahrhunderts werden soll, wo Komponist, Interpret und Publikum sich gegenseitig \u201ehautnah\u201c erleben k\u00f6nnen.<\/p>\n<p><strong>Praxis:<\/strong><\/p>\n<p>Jedes Konzert beinhaltet mindestens eine Darbietung, die zu einer von drei Kategorien geh\u00f6rt:<\/p>\n<p>&#8211; Freestyle: wie der Name schon sagt sind keine externe Merkmale auferlegt.<\/p>\n<p>&#8211; Theater Aktuell: Das Werk bezieht sich auf den aktuellen Spielplan oder Begebenheiten im Theaters.<\/p>\n<p>&#8211; Der Klassiker: Ein Werk des 20. oder 21. Jahrhunderts, welches wir den Begriff \u201eKlassiker\u201c verleihen m\u00f6chten.<\/p>\n<p>Der Anzahl der Werke ist auf maximal sieben Werke begrenzt; sechs Neu-Sch\u00f6pfungen und den einen \u201eKlassiker\u201c.<\/p>\n<p>Die Konzerte werden moderiert und es finden Interviews mit den Sch\u00f6pfern und Interpreten statt.<\/p>\n<p>Die Darbietungen sollten um die 10 Minuten dauern.<\/p>\n<p>Vor dem letzten Programmpunkt werden Lose ans Publikum verteilt. Nach der letzten Darbietung wird ein Los gezogen. Der Gewinner darf ein St\u00fcck oder Teil eines St\u00fcckes w\u00e4hlen, welches daraufhin wieder gespielt wird. Sollte der Gewinner auf eine Wahl verzichten wollen, wird das St\u00fcck, welches wiederholt werden sollte durch den Wurf eines W\u00fcrfels bestimmt.<\/p>\n<p>Besondere Merkmale: In der Kategorie \u201eTheater Aktuell\u201c\u00a0 gab es bisher Werke die Bezug auf \u201eSpuren der Verirrten\u201c von Phillip Glass nahmen oder \u201eH\u00e4nsel und Gretel\u201c von Humperdink, \u201eDer Ring des Nibelungen\u201c von Wagner, \u201eDie Csardasf\u00fcrstin\u201c von K\u00e1lm\u00e1n und \u201eOrfeo\u201c von Gluck &#8211; alles Werke des damaligen aktuellen Theaterprogramms.<\/p>\n<p>Ebenso gab es Werke, die f\u00fcr Personen des nicht darstellenden Personals konzipiert wurden wie die humoristische, musikalische Szene, \u201eGute Stimmung\u201c mit dem Intendanten am Klavier und dem Technischen Direktor am Violoncello. Das St\u00fcck thematisierte die Umgangsformen der beiden Hauptdarstellern.<\/p>\n<p>Auch das szenische Experiment mit Publikumsbeteiligung, \u201eDas Vordirigat\u201c sollte erw\u00e4hnt werden. In \u201eDas Vordirigat\u201c wurde der g\u00e4ngige Orchester &#8211; Probespiel Praxis hinter einem Vorhang zu spielen f\u00fcr ein Vordirigat angewendet &#8211; Ja Absurd!?<\/p>\n<p>Die Probanden aus dem Publikum wurden durch eine Wand von einem kleinen Orchester abgetrennt. Das Pflichtst\u00fcck war die Exposition von Beethovens 5. Sinfonie. F\u00fcr das Publikum waren sowohl Musiker als auch DirigentInnen sichtbar. Die Ann\u00e4herung beider \u201eSeiten\u201c geschah durch einen Moderatoren, der das Geschehen lenkte und alle Beteiligten zu neuen Versuchen ermutigte. Musiker und Publikum stimmten anschlie\u00dfend ab, welcher Kandidat in die n\u00e4chste Runde zugelassen werden sollte. Als Belohnung wurde <u>ohne<\/u> Trennwand den Radetzky Marsch dirigiert. Das St\u00fcck thematisierte die damals bevorstehenden Vordirigaten im Theater.<\/p>\n<p>Mitschnitte der Reihe sind unter den folgenden Links abrufbar:<\/p>\n<p><a href=\"https:\/\/www.youtube.com\/watch?v=472gdqFJt38\" target=\"_blank\">LRA Konzert Nr. 2<\/a><\/p>\n<p><a href=\"https:\/\/www.youtube.com\/watch?v=CVAcMJd31Vs\" target=\"_blank\">LRA Konzert Nr. 3<\/a><\/p>\n<p>\u00a9daniel linton-france 2014 &amp; 2017<\/p>","protected":false},"excerpt":{"rendered":"<p>Philosophie: Bach, Mozart, Haydn, Beethoven, Schubert, die Mendelssohns, die Schumanns, Brahms, Liszt, Wagner, Mahler, Ravel, Gershwin, Bernstein, John Lennon, Messiaen, Frank Zappa, Boulez und viele andere &#8230; Das sind nur &#8230;<\/p>\n","protected":false},"author":1,"featured_media":0,"parent":0,"menu_order":0,"comment_status":"closed","ping_status":"closed","template":"","meta":{"footnotes":""},"class_list":["post-236","page","type-page","status-publish","hentry"],"yoast_head":"<!-- This site is optimized with the Yoast SEO plugin v27.6 - https:\/\/yoast.com\/product\/yoast-seo-wordpress\/ -->\n<title>Living Room Artists Konzertreihe - Living Room Artists<\/title>\n<meta name=\"robots\" content=\"index, follow, max-snippet:-1, max-image-preview:large, max-video-preview:-1\" \/>\n<link rel=\"canonical\" href=\"https:\/\/livingroomartists.com\/en\/living-room-artists-konzertreihe\/\" \/>\n<meta property=\"og:locale\" content=\"en_US\" \/>\n<meta property=\"og:type\" content=\"article\" \/>\n<meta property=\"og:title\" content=\"Living Room Artists Konzertreihe - Living Room Artists\" \/>\n<meta property=\"og:description\" content=\"Philosophie: Bach, Mozart, Haydn, Beethoven, Schubert, die Mendelssohns, die Schumanns, Brahms, Liszt, Wagner, Mahler, Ravel, Gershwin, Bernstein, John Lennon, Messiaen, Frank Zappa, Boulez und viele andere &#8230; Das sind nur ...\" \/>\n<meta property=\"og:url\" content=\"https:\/\/livingroomartists.com\/en\/living-room-artists-konzertreihe\/\" \/>\n<meta property=\"og:site_name\" content=\"Living Room Artists\" \/>\n<meta property=\"article:modified_time\" content=\"2018-05-18T08:23:21+00:00\" \/>\n<meta property=\"og:image\" content=\"https:\/\/my-cdn.at\/yy309Er832GlqwK-7qXljed7ahqMlxAtLYZXuu79UOI\" \/>\n<meta name=\"twitter:card\" content=\"summary_large_image\" \/>\n<meta name=\"twitter:label1\" content=\"Est. reading time\" \/>\n\t<meta name=\"twitter:data1\" content=\"7 minutes\" \/>\n<script type=\"application\/ld+json\" class=\"yoast-schema-graph\">{\"@context\":\"https:\\\/\\\/schema.org\",\"@graph\":[{\"@type\":\"WebPage\",\"@id\":\"https:\\\/\\\/livingroomartists.com\\\/en\\\/living-room-artists-konzertreihe\\\/\",\"url\":\"https:\\\/\\\/livingroomartists.com\\\/en\\\/living-room-artists-konzertreihe\\\/\",\"name\":\"Living Room Artists Konzertreihe - Living Room Artists\",\"isPartOf\":{\"@id\":\"https:\\\/\\\/livingroomartists.com\\\/#website\"},\"primaryImageOfPage\":{\"@id\":\"https:\\\/\\\/livingroomartists.com\\\/en\\\/living-room-artists-konzertreihe\\\/#primaryimage\"},\"image\":{\"@id\":\"https:\\\/\\\/livingroomartists.com\\\/en\\\/living-room-artists-konzertreihe\\\/#primaryimage\"},\"thumbnailUrl\":\"https:\\\/\\\/livingroomartists.com\\\/wordpress\\\/wp-content\\\/uploads\\\/Living-Room-Artists-Concert-series-yes-300x300.png\",\"datePublished\":\"2017-08-28T08:26:43+00:00\",\"dateModified\":\"2018-05-18T08:23:21+00:00\",\"breadcrumb\":{\"@id\":\"https:\\\/\\\/livingroomartists.com\\\/en\\\/living-room-artists-konzertreihe\\\/#breadcrumb\"},\"inLanguage\":\"en-US\",\"potentialAction\":[{\"@type\":\"ReadAction\",\"target\":[\"https:\\\/\\\/livingroomartists.com\\\/en\\\/living-room-artists-konzertreihe\\\/\"]}]},{\"@type\":\"ImageObject\",\"inLanguage\":\"en-US\",\"@id\":\"https:\\\/\\\/livingroomartists.com\\\/en\\\/living-room-artists-konzertreihe\\\/#primaryimage\",\"url\":\"https:\\\/\\\/livingroomartists.com\\\/wordpress\\\/wp-content\\\/uploads\\\/Living-Room-Artists-Concert-series-yes-300x300.png\",\"contentUrl\":\"https:\\\/\\\/livingroomartists.com\\\/wordpress\\\/wp-content\\\/uploads\\\/Living-Room-Artists-Concert-series-yes-300x300.png\"},{\"@type\":\"BreadcrumbList\",\"@id\":\"https:\\\/\\\/livingroomartists.com\\\/en\\\/living-room-artists-konzertreihe\\\/#breadcrumb\",\"itemListElement\":[{\"@type\":\"ListItem\",\"position\":1,\"name\":\"Startseite\",\"item\":\"https:\\\/\\\/livingroomartists.com\\\/\"},{\"@type\":\"ListItem\",\"position\":2,\"name\":\"Living Room Artists Konzertreihe\"}]},{\"@type\":\"WebSite\",\"@id\":\"https:\\\/\\\/livingroomartists.com\\\/#website\",\"url\":\"https:\\\/\\\/livingroomartists.com\\\/\",\"name\":\"Living Room Artists\",\"description\":\"creators, performers, audiences\",\"potentialAction\":[{\"@type\":\"SearchAction\",\"target\":{\"@type\":\"EntryPoint\",\"urlTemplate\":\"https:\\\/\\\/livingroomartists.com\\\/?s={search_term_string}\"},\"query-input\":{\"@type\":\"PropertyValueSpecification\",\"valueRequired\":true,\"valueName\":\"search_term_string\"}}],\"inLanguage\":\"en-US\"}]}<\/script>\n<!-- \/ Yoast SEO plugin. -->","yoast_head_json":{"title":"Living Room Artists Konzertreihe - Living Room Artists","robots":{"index":"index","follow":"follow","max-snippet":"max-snippet:-1","max-image-preview":"max-image-preview:large","max-video-preview":"max-video-preview:-1"},"canonical":"https:\/\/livingroomartists.com\/en\/living-room-artists-konzertreihe\/","og_locale":"en_US","og_type":"article","og_title":"Living Room Artists Konzertreihe - Living Room Artists","og_description":"Philosophie: Bach, Mozart, Haydn, Beethoven, Schubert, die Mendelssohns, die Schumanns, Brahms, Liszt, Wagner, Mahler, Ravel, Gershwin, Bernstein, John Lennon, Messiaen, Frank Zappa, Boulez und viele andere &#8230; Das sind nur ...","og_url":"https:\/\/livingroomartists.com\/en\/living-room-artists-konzertreihe\/","og_site_name":"Living Room Artists","article_modified_time":"2018-05-18T08:23:21+00:00","og_image":[{"url":"https:\/\/my-cdn.at\/yy309Er832GlqwK-7qXljed7ahqMlxAtLYZXuu79UOI","type":"","width":"","height":""}],"twitter_card":"summary_large_image","twitter_misc":{"Est. reading time":"7 minutes"},"schema":{"@context":"https:\/\/schema.org","@graph":[{"@type":"WebPage","@id":"https:\/\/livingroomartists.com\/en\/living-room-artists-konzertreihe\/","url":"https:\/\/livingroomartists.com\/en\/living-room-artists-konzertreihe\/","name":"Living Room Artists Konzertreihe - Living Room Artists","isPartOf":{"@id":"https:\/\/livingroomartists.com\/#website"},"primaryImageOfPage":{"@id":"https:\/\/livingroomartists.com\/en\/living-room-artists-konzertreihe\/#primaryimage"},"image":{"@id":"https:\/\/livingroomartists.com\/en\/living-room-artists-konzertreihe\/#primaryimage"},"thumbnailUrl":"https:\/\/my-cdn.at\/yy309Er832GlqwK-7qXljed7ahqMlxAtLYZXuu79UOI","datePublished":"2017-08-28T08:26:43+00:00","dateModified":"2018-05-18T08:23:21+00:00","breadcrumb":{"@id":"https:\/\/livingroomartists.com\/en\/living-room-artists-konzertreihe\/#breadcrumb"},"inLanguage":"en-US","potentialAction":[{"@type":"ReadAction","target":["https:\/\/livingroomartists.com\/en\/living-room-artists-konzertreihe\/"]}]},{"@type":"ImageObject","inLanguage":"en-US","@id":"https:\/\/livingroomartists.com\/en\/living-room-artists-konzertreihe\/#primaryimage","url":"https:\/\/my-cdn.at\/yy309Er832GlqwK-7qXljed7ahqMlxAtLYZXuu79UOI","contentUrl":"https:\/\/my-cdn.at\/yy309Er832GlqwK-7qXljed7ahqMlxAtLYZXuu79UOI"},{"@type":"BreadcrumbList","@id":"https:\/\/livingroomartists.com\/en\/living-room-artists-konzertreihe\/#breadcrumb","itemListElement":[{"@type":"ListItem","position":1,"name":"Startseite","item":"https:\/\/livingroomartists.com\/"},{"@type":"ListItem","position":2,"name":"Living Room Artists Konzertreihe"}]},{"@type":"WebSite","@id":"https:\/\/livingroomartists.com\/#website","url":"https:\/\/livingroomartists.com\/","name":"Living Room Artists","description":"creators, performers, audiences","potentialAction":[{"@type":"SearchAction","target":{"@type":"EntryPoint","urlTemplate":"https:\/\/livingroomartists.com\/?s={search_term_string}"},"query-input":{"@type":"PropertyValueSpecification","valueRequired":true,"valueName":"search_term_string"}}],"inLanguage":"en-US"}]}},"_links":{"self":[{"href":"https:\/\/livingroomartists.com\/en\/wp-json\/wp\/v2\/pages\/236","targetHints":{"allow":["GET"]}}],"collection":[{"href":"https:\/\/livingroomartists.com\/en\/wp-json\/wp\/v2\/pages"}],"about":[{"href":"https:\/\/livingroomartists.com\/en\/wp-json\/wp\/v2\/types\/page"}],"author":[{"embeddable":true,"href":"https:\/\/livingroomartists.com\/en\/wp-json\/wp\/v2\/users\/1"}],"replies":[{"embeddable":true,"href":"https:\/\/livingroomartists.com\/en\/wp-json\/wp\/v2\/comments?post=236"}],"version-history":[{"count":13,"href":"https:\/\/livingroomartists.com\/en\/wp-json\/wp\/v2\/pages\/236\/revisions"}],"predecessor-version":[{"id":666,"href":"https:\/\/livingroomartists.com\/en\/wp-json\/wp\/v2\/pages\/236\/revisions\/666"}],"wp:attachment":[{"href":"https:\/\/livingroomartists.com\/en\/wp-json\/wp\/v2\/media?parent=236"}],"curies":[{"name":"wp","href":"https:\/\/api.w.org\/{rel}","templated":true}]}}