{"id":530,"date":"2017-09-06T13:28:09","date_gmt":"2017-09-06T11:28:09","guid":{"rendered":"https:\/\/livingroomartists.com\/?page_id=530"},"modified":"2019-07-27T23:37:47","modified_gmt":"2019-07-27T21:37:47","slug":"die-muse-im-negligee","status":"publish","type":"page","link":"https:\/\/livingroomartists.com\/en\/die-muse-im-negligee\/","title":{"rendered":"Die Muse im Negligee"},"content":{"rendered":"<p><img loading=\"lazy\" decoding=\"async\" class=\"alignnone wp-image-529\" src=\"https:\/\/my-cdn.at\/GxtwcaXFirq6rioz3Xg4meo9m391hkHH6Jp662Cusxi\" alt=\"\" width=\"400\" height=\"400\" srcset=\"https:\/\/my-cdn.at\/GxtwcaXFirq6rioz3Xg4meo9m391hkHH6Jp662Cusxi 300w, https:\/\/my-cdn.at\/WR4bFBTpvINv7f32yAfzdESVZ4SfvMz6ilZHibo6IK- 150w, https:\/\/my-cdn.at\/xgX1zjMoO7uA7Tyw3bBk967trkFOVg7Qk6DpnJc2U8i 768w, https:\/\/my-cdn.at\/UG8UasTqz9hb3xMdKxvGf5V5ews-H4CHwmf8sRTKIy1 1024w, https:\/\/my-cdn.at\/qSUvvwb9GhaFz73D11ElNgq7aEdb8d0R7TpY.A.1oSL 1400w\" sizes=\"auto, (max-width: 400px) 100vw, 400px\" \/><\/p>\n<p>Richard Tauber gewidmet und durch ihn zum \u201eWelt &#8211; Schlager\u201c geworden, von Franz Leh\u00e1r komponiert und von Fritz Beda-L\u00f6hner gedichtet:<\/p>\n<p>\u201eDein ist mein ganzes Herz\u201c ist ein Paradebeispiel eines gl\u00fccklichen Zusammentreffens dreier Ausnahme-K\u00fcnstler.<\/p>\n<p>Das folgende Programm f\u00fchrt das Publikum in wenig erschlossene Gebiete ihres Schaffens.\u00a0Abgesehen von den Glanzlichtern ihrer Zusammenarbeit, wie das oben genannte, erklingen St\u00fccke aus dem wenig beachteten Lied-Schaffen Leh\u00e1rs, skurrile, schl\u00fcpfrige \u201eSchlager\u201c mit Texten von Fritz Beda-L\u00f6hner wie \u201eEs geht die Lou lila\u201c oder \u201eIn der Bar zum Krokodil\u201c und\u00a0von Richard Tauber selbst komponierte Arien . Um dem tragischen Ende L\u00f6hner- Bedas einen Programmpunkt zu widmen, wird der von ihm und Hermann Leopoldi verfasste, auf paradoxe Weise zuversichtliche \u201eBuchenw\u00e4lder Marsch\u201c erklingen. Platz im Programm finden au\u00dferdem provokante Gedichte aus der scharfz\u00fcngigen Feder des Satirikers L\u00f6hner-Beda, des \u201enahkampfbereiten Ritter des Wortes\u201c wie Christoph Wagner-Trenkwitz ihn beschrieb.<\/p>\n<p>Links zu den K\u00fcnstlerInnen:<\/p>\n<p><a href=\"http:\/\/www.christa-ratzenboeck.com\"><u>www.christa-ratzenboeck.com<\/u><\/a><\/p>\n<p><a href=\"http:\/\/www.jacques-le-roux.com\"><u>www.jacques-le-roux.com<\/u><\/a><\/p>\n<p><a href=\"http:\/\/www.daniellinton-france.com\"><u>www.daniellinton-france.com<\/u><\/a><\/p>","protected":false},"excerpt":{"rendered":"<p>Richard Tauber gewidmet und durch ihn zum \u201eWelt &#8211; Schlager\u201c geworden, von Franz Leh\u00e1r komponiert und von Fritz Beda-L\u00f6hner gedichtet: \u201eDein ist mein ganzes Herz\u201c ist ein Paradebeispiel eines gl\u00fccklichen &#8230;<\/p>\n","protected":false},"author":1,"featured_media":0,"parent":0,"menu_order":0,"comment_status":"closed","ping_status":"closed","template":"","meta":{"footnotes":""},"class_list":["post-530","page","type-page","status-publish","hentry"],"yoast_head":"<!-- This site is optimized with the Yoast SEO plugin v27.5 - https:\/\/yoast.com\/product\/yoast-seo-wordpress\/ -->\n<title>Die Muse im Negligee - Living Room Artists<\/title>\n<meta name=\"robots\" content=\"index, follow, max-snippet:-1, max-image-preview:large, max-video-preview:-1\" \/>\n<link rel=\"canonical\" href=\"https:\/\/livingroomartists.com\/die-muse-im-negligee\/\" \/>\n<meta property=\"og:locale\" content=\"en_US\" \/>\n<meta property=\"og:type\" content=\"article\" \/>\n<meta property=\"og:title\" content=\"Die Muse im Negligee - Living Room Artists\" \/>\n<meta property=\"og:description\" content=\"Richard Tauber gewidmet und durch ihn zum \u201eWelt &#8211; Schlager\u201c geworden, von Franz Leh\u00e1r komponiert und von Fritz Beda-L\u00f6hner gedichtet: \u201eDein ist mein ganzes Herz\u201c ist ein Paradebeispiel eines gl\u00fccklichen ...\" \/>\n<meta property=\"og:url\" content=\"https:\/\/livingroomartists.com\/die-muse-im-negligee\/\" \/>\n<meta property=\"og:site_name\" content=\"Living Room Artists\" \/>\n<meta property=\"article:modified_time\" content=\"2019-07-27T21:37:47+00:00\" \/>\n<meta property=\"og:image\" content=\"https:\/\/livingroomartists.com\/wordpress\/wp-content\/uploads\/22Frau\u00b4n-die-heimlich-sich-nach-Liebe-sehnen22-300x300.jpg\" \/>\n<meta name=\"twitter:card\" content=\"summary_large_image\" \/>\n<meta name=\"twitter:label1\" content=\"Est. reading time\" \/>\n\t<meta name=\"twitter:data1\" content=\"2 minutes\" \/>\n<script type=\"application\/ld+json\" class=\"yoast-schema-graph\">{\"@context\":\"https:\\\/\\\/schema.org\",\"@graph\":[{\"@type\":\"WebPage\",\"@id\":\"https:\\\/\\\/livingroomartists.com\\\/die-muse-im-negligee\\\/\",\"url\":\"https:\\\/\\\/livingroomartists.com\\\/die-muse-im-negligee\\\/\",\"name\":\"Die Muse im Negligee - Living Room Artists\",\"isPartOf\":{\"@id\":\"https:\\\/\\\/livingroomartists.com\\\/#website\"},\"primaryImageOfPage\":{\"@id\":\"https:\\\/\\\/livingroomartists.com\\\/die-muse-im-negligee\\\/#primaryimage\"},\"image\":{\"@id\":\"https:\\\/\\\/livingroomartists.com\\\/die-muse-im-negligee\\\/#primaryimage\"},\"thumbnailUrl\":\"https:\\\/\\\/livingroomartists.com\\\/wordpress\\\/wp-content\\\/uploads\\\/IMG_5275-1-224x300.jpg\",\"datePublished\":\"2017-09-06T11:28:09+00:00\",\"dateModified\":\"2019-07-27T21:37:47+00:00\",\"breadcrumb\":{\"@id\":\"https:\\\/\\\/livingroomartists.com\\\/die-muse-im-negligee\\\/#breadcrumb\"},\"inLanguage\":\"en-US\",\"potentialAction\":[{\"@type\":\"ReadAction\",\"target\":[\"https:\\\/\\\/livingroomartists.com\\\/die-muse-im-negligee\\\/\"]}]},{\"@type\":\"ImageObject\",\"inLanguage\":\"en-US\",\"@id\":\"https:\\\/\\\/livingroomartists.com\\\/die-muse-im-negligee\\\/#primaryimage\",\"url\":\"https:\\\/\\\/livingroomartists.com\\\/wordpress\\\/wp-content\\\/uploads\\\/IMG_5275-1-224x300.jpg\",\"contentUrl\":\"https:\\\/\\\/livingroomartists.com\\\/wordpress\\\/wp-content\\\/uploads\\\/IMG_5275-1-224x300.jpg\"},{\"@type\":\"BreadcrumbList\",\"@id\":\"https:\\\/\\\/livingroomartists.com\\\/die-muse-im-negligee\\\/#breadcrumb\",\"itemListElement\":[{\"@type\":\"ListItem\",\"position\":1,\"name\":\"Startseite\",\"item\":\"https:\\\/\\\/livingroomartists.com\\\/\"},{\"@type\":\"ListItem\",\"position\":2,\"name\":\"Die Muse im Negligee\"}]},{\"@type\":\"WebSite\",\"@id\":\"https:\\\/\\\/livingroomartists.com\\\/#website\",\"url\":\"https:\\\/\\\/livingroomartists.com\\\/\",\"name\":\"Living Room Artists\",\"description\":\"creators, performers, audiences\",\"potentialAction\":[{\"@type\":\"SearchAction\",\"target\":{\"@type\":\"EntryPoint\",\"urlTemplate\":\"https:\\\/\\\/livingroomartists.com\\\/?s={search_term_string}\"},\"query-input\":{\"@type\":\"PropertyValueSpecification\",\"valueRequired\":true,\"valueName\":\"search_term_string\"}}],\"inLanguage\":\"en-US\"}]}<\/script>\n<!-- \/ Yoast SEO plugin. -->","yoast_head_json":{"title":"Die Muse im Negligee - Living Room Artists","robots":{"index":"index","follow":"follow","max-snippet":"max-snippet:-1","max-image-preview":"max-image-preview:large","max-video-preview":"max-video-preview:-1"},"canonical":"https:\/\/livingroomartists.com\/die-muse-im-negligee\/","og_locale":"en_US","og_type":"article","og_title":"Die Muse im Negligee - Living Room Artists","og_description":"Richard Tauber gewidmet und durch ihn zum \u201eWelt &#8211; Schlager\u201c geworden, von Franz Leh\u00e1r komponiert und von Fritz Beda-L\u00f6hner gedichtet: \u201eDein ist mein ganzes Herz\u201c ist ein Paradebeispiel eines gl\u00fccklichen ...","og_url":"https:\/\/livingroomartists.com\/die-muse-im-negligee\/","og_site_name":"Living Room Artists","article_modified_time":"2019-07-27T21:37:47+00:00","og_image":[{"url":"https:\/\/livingroomartists.com\/wordpress\/wp-content\/uploads\/22Frau\u00b4n-die-heimlich-sich-nach-Liebe-sehnen22-300x300.jpg","type":"","width":"","height":""}],"twitter_card":"summary_large_image","twitter_misc":{"Est. reading time":"2 minutes"},"schema":{"@context":"https:\/\/schema.org","@graph":[{"@type":"WebPage","@id":"https:\/\/livingroomartists.com\/die-muse-im-negligee\/","url":"https:\/\/livingroomartists.com\/die-muse-im-negligee\/","name":"Die Muse im Negligee - Living Room Artists","isPartOf":{"@id":"https:\/\/livingroomartists.com\/#website"},"primaryImageOfPage":{"@id":"https:\/\/livingroomartists.com\/die-muse-im-negligee\/#primaryimage"},"image":{"@id":"https:\/\/livingroomartists.com\/die-muse-im-negligee\/#primaryimage"},"thumbnailUrl":"https:\/\/my-cdn.at\/ZpH0sNKJqi4XyAEwh7owwv6NMGVnyZyr1lJ3YhnpYkv","datePublished":"2017-09-06T11:28:09+00:00","dateModified":"2019-07-27T21:37:47+00:00","breadcrumb":{"@id":"https:\/\/livingroomartists.com\/die-muse-im-negligee\/#breadcrumb"},"inLanguage":"en-US","potentialAction":[{"@type":"ReadAction","target":["https:\/\/livingroomartists.com\/die-muse-im-negligee\/"]}]},{"@type":"ImageObject","inLanguage":"en-US","@id":"https:\/\/livingroomartists.com\/die-muse-im-negligee\/#primaryimage","url":"https:\/\/my-cdn.at\/ZpH0sNKJqi4XyAEwh7owwv6NMGVnyZyr1lJ3YhnpYkv","contentUrl":"https:\/\/my-cdn.at\/ZpH0sNKJqi4XyAEwh7owwv6NMGVnyZyr1lJ3YhnpYkv"},{"@type":"BreadcrumbList","@id":"https:\/\/livingroomartists.com\/die-muse-im-negligee\/#breadcrumb","itemListElement":[{"@type":"ListItem","position":1,"name":"Startseite","item":"https:\/\/livingroomartists.com\/"},{"@type":"ListItem","position":2,"name":"Die Muse im Negligee"}]},{"@type":"WebSite","@id":"https:\/\/livingroomartists.com\/#website","url":"https:\/\/livingroomartists.com\/","name":"Living Room Artists","description":"creators, performers, audiences","potentialAction":[{"@type":"SearchAction","target":{"@type":"EntryPoint","urlTemplate":"https:\/\/livingroomartists.com\/?s={search_term_string}"},"query-input":{"@type":"PropertyValueSpecification","valueRequired":true,"valueName":"search_term_string"}}],"inLanguage":"en-US"}]}},"_links":{"self":[{"href":"https:\/\/livingroomartists.com\/en\/wp-json\/wp\/v2\/pages\/530","targetHints":{"allow":["GET"]}}],"collection":[{"href":"https:\/\/livingroomartists.com\/en\/wp-json\/wp\/v2\/pages"}],"about":[{"href":"https:\/\/livingroomartists.com\/en\/wp-json\/wp\/v2\/types\/page"}],"author":[{"embeddable":true,"href":"https:\/\/livingroomartists.com\/en\/wp-json\/wp\/v2\/users\/1"}],"replies":[{"embeddable":true,"href":"https:\/\/livingroomartists.com\/en\/wp-json\/wp\/v2\/comments?post=530"}],"version-history":[{"count":5,"href":"https:\/\/livingroomartists.com\/en\/wp-json\/wp\/v2\/pages\/530\/revisions"}],"predecessor-version":[{"id":700,"href":"https:\/\/livingroomartists.com\/en\/wp-json\/wp\/v2\/pages\/530\/revisions\/700"}],"wp:attachment":[{"href":"https:\/\/livingroomartists.com\/en\/wp-json\/wp\/v2\/media?parent=530"}],"curies":[{"name":"wp","href":"https:\/\/api.w.org\/{rel}","templated":true}]}}